{"id":3622,"date":"2023-01-21T18:21:14","date_gmt":"2023-01-21T18:21:14","guid":{"rendered":"https:\/\/esprit-sociologie.org\/?page_id=3622"},"modified":"2026-03-15T15:09:43","modified_gmt":"2026-03-15T15:09:43","slug":"autres-publications","status":"publish","type":"page","link":"https:\/\/esprit-sociologie.org\/?page_id=3622","title":{"rendered":"Autres publications"},"content":{"rendered":"\n<h3 class=\"wp-block-heading\"><strong><em> Articles dans des revues scientifiques \u00e0 comit\u00e9 de lecture&nbsp;:<\/em><\/strong><\/h3>\n\n\n\n<ul class=\"wp-block-list\">\n<li>Haenssgen Marco J. , <strong>Angeloff Tania<\/strong>, Herse R. Mark, Auclair Elizabeth,&nbsp;<em>et al., 2025, \u00ab\u00a0<\/em>Workshop report: Everyday environmental heritage is key to unlocking the social dimensions of One Health\u00a0\u00bb,&nbsp;<em>in<\/em>&nbsp;iScience 28, 112358, 11 pages.<\/li>\n\n\n\n<li><strong>Angeloff Tania<\/strong>, Gillot Ga\u00eblle, 2025, \u00ab\u00a0Les chemins d\u2019une masculinit\u00e9 libre en Palestine\u00a0\u00bb, <em>Travail, genre et soci\u00e9t\u00e9s, <\/em>\u00e0 para\u00eetre dans le n\u00b0 54\/2025, pp. 5-20.<\/li>\n\n\n\n<li>Angeloff Tania, 2020 \u00ab&nbsp;Mirabelle : Trouble dans le genre chez Madame Arthur&nbsp;\u00bb, <em>Travail, genre et soci\u00e9t\u00e9s, <\/em>2020\/43, p. 7-23.<\/li>\n\n\n\n<li>Attan\u00e9 Isabelle,Eklund Lisa, Merli Giovanna, Bozon Michel, <strong>Angeloff Tania <\/strong>et al., 2019, Understanding Bachelorhood in Poverty-stricken and High Sex Ratio Settings: An Exploratory Study in Rural Shaanxi, China, <em>China Quarterly,vol 240, pp. 990-1017<\/em><\/li>\n\n\n\n<li>Attan\u00e9 Isabelle, \u00e9quipe D\u00e9fichine<em>, <\/em>2018, \u00ab&nbsp;\u00catre un homme c\u00e9libataire en Chine Rurale&nbsp;\u00bb, <em>Population et Soci\u00e9t\u00e9s, n\u00b0 557, juillet\/ao\u00fbt.<\/em><\/li>\n\n\n\n<li>Attan\u00e9 Isabelle, <strong>Angeloff Tania<\/strong> <em>et. al. <\/em>2018, \u00ab\u00a0\u00catre un homme c\u00e9libataire en Chine Rurale\u00a0\u00bb, <em>Population et Soci\u00e9t\u00e9s, n\u00b0 557, juillet\/ao\u00fbt.<\/em><\/li>\n\n\n\n<li>Tang Xiaojing et <strong>Tania Angeloff<\/strong>, 2016, \u00ab\u00a0Liu Lu, tourments quotidiens d\u2019une ouvri\u00e8re paysanne chinoise\u00a0\u00bb, Rubrique \u00ab\u00a0Parcours\u00a0\u00bb, <em>Travail, genre et soci\u00e9t\u00e9s, <\/em>35\/2016, p. 5-18.<\/li>\n\n\n\n<li><strong>Angeloff Tania<\/strong> et Gardey Delphine, 2015, \u00ab\u00a0Corps sous emprise. Biopolitique et sexualit\u00e9 au Nord et au Sud\u00a0\u00bb, in <em>Travail, Genre et Soci\u00e9t\u00e9s,<\/em> 34\/2015, p. 31-38<\/li>\n\n\n\n<li><strong>Angeloff Tania <\/strong>et Mosconi Nicole, 2014, \u00ab\u00a0Enseigner le genre : un m\u00e9tier de P\u00e9n\u00e9lope ?\u00a0\u00bb, in Travail, Genre et Soci\u00e9t\u00e9s, 31\/2014, p. 21-27.<\/li>\n\n\n\n<li><strong>Angeloff Tania <\/strong>et Bessi\u00e8re C\u00e9line, 2014, \u00ab\u00a0Enseigner le genre :\u00a0 un devoir de dissidence\u00a0\u00bb, in Travail, Genre et Soci\u00e9t\u00e9s, 31\/2014, p.85-98.<\/li>\n\n\n\n<li>Angeloff<strong>Tania et <\/strong>Lieber Maryl\u00e8ne, 2012, \u00ab\u00a0Vous avez dit \u00e9galit\u00e9\u00a0?\u00a0\u00bb, <em>Perspectives chinoises<\/em>, n\u00b04, p.17-25.<\/li>\n\n\n\n<li><strong>Angeloff Tania<\/strong>, 2012, \u00ab\u00a0Des hommes malades du ch\u00f4mage\u00a0? Genre et (r\u00e9-)assignation identitaire au Royaume-Uni, <em>Travail et Emploi <\/em>n\u00b0131, p. 71-84.<\/li>\n\n\n\n<li><strong>Angeloff Tania<\/strong>, 2012, \u00ab\u00a0Le f\u00e9minisme en R\u00e9publique populaire de Chine\u00a0: entre ruptures et continuit\u00e9s\u00a0\u00bb, <em>Revue Tiers Monde, <\/em>n\u00b0 1\/2012, p. 89-106.<\/li>\n\n\n\n<li><strong>Angeloff Tania<\/strong>, 2011, \u201cThree Generations of Women under the Same Roof: Work, Gender and Social Integration\u201c, <em>China Perspectives,<\/em> <em>\u00a0<\/em>2011\/1, p. 64-73 ; \u201cTrois g\u00e9n\u00e9rations de femmes sous un m\u00eame toit : Travail, genre et int\u00e9gration sociale\u201d, <em>Perspectives Chinoises<\/em>, 2011\/1, p. 72-81 (pour la version fran\u00e7aise)<em>.<\/em><\/li>\n\n\n\n<li><strong>Angeloff Tania<\/strong>, Ravet Hyacinthe, Tang Xiaojing, 2010, \u00ab\u00a0Traditions et ruptures chinoises\u00a0\u00bb, <em>Travail, genre et soci\u00e9t\u00e9s, <\/em>n\u00b023, p.27-33.<\/li>\n\n\n\n<li><strong>Angeloff Tania<\/strong>, 2010, \u00ab\u00a0La Chine au travail\u00a0(1980-2009) : emploi, genre et migrations\u00a0\u00bb, <em>Travail, genre et soci\u00e9t\u00e9s, <\/em>n\u00b023, p.79-102.<\/li>\n\n\n\n<li><strong>Angeloff Tania<\/strong>,Mars 2008,\u00a0\u00ab\u00a0\u6cd5\u56fd\u7684\u79fb\u6c11\u73b0\u72b6\u53ca\u5176\u793e\u4f1a\u653f\u7b56\u00a0\u00ab\u00a0, \u4e2d\u56fd\u57ce\u5e02\u7814\u7a76\uff08\u7535\u5b50\u671f\u520a\u00a0\uff09, \u00ab\u00a0Immigration and Social Policy in Contemporary France\u00a0\u00bb, e-journal of China Urban\u00a0Studies,\u00a0 vol\u00a03,\u00a0 n\u00b0\u00a01,\u00a0 p.\u00a01-10.<\/li>\n\n\n\n<li><strong>Angeloff Tania<\/strong>, Arborio Anne-Marie, 2002, \u00ab\u00a0Des hommes dans des m\u00e9tiers de femmes\u00a0: mixit\u00e9 au travail et espaces professionnels d\u00e9valoris\u00e9s\u00bb, <em>La Sociologia del Lavoro <\/em>n\u00b0 85,\u00a0 p.\u00a0123-135.<\/li>\n\n\n\n<li><strong>Angeloff Tania<\/strong>, 1999, \u00ab\u00a0Des miettes d\u2019emploi\u00a0: temps partiel et pauvret\u00e9\u00a0\u00bb, <em>Travail, genre et soci\u00e9t\u00e9, <\/em>n\u00b0 1,p.\u00a043-70.<\/li>\n<\/ul>\n\n\n\n<h3 class=\"wp-block-heading\"><strong><em>Chapitres dans des ouvrages collectifs&nbsp;:<\/em><\/strong><\/h3>\n\n\n\n<ul class=\"wp-block-list\">\n<li>Angeloff Tania, 2017, \u00ab&nbsp;Genre&nbsp;: une expertise comme une autre&nbsp;?&nbsp;\u00bb, <em>in <\/em>Verschuur Christine, <em>Expertes en genre et connaissances f\u00e9ministes sur le d\u00e9veloppement. Qui sait ? <\/em>Paris: L&rsquo;Harmattan. coll. Genre et d\u00e9veloppement, p. 113-125.<\/li>\n\n\n\n<li>Angeloff Tania, 2014,\u00a0\u00bbGenre et march\u00e9 du travail : une \u00e9galit\u00e9 \u00e0 pas compt\u00e9s\u00a0\u00bb, in Roulleau-Berger Laurence,&nbsp;\u00ab\u00a0Sociologies \u00e9conomiques fran\u00e7aise et chinoise : regards crois\u00e9s\u00a0\u00bb ENS Editions, pp161-172.<\/li>\n\n\n\n<li>Article \u00ab&nbsp;Temps de travail et genre&nbsp;\u00bb, in Bihr A. et Pfefferkorn R., 2014, <em>Dictionnaire des in\u00e9galit\u00e9s, p. <\/em>394-395<em>.<\/em><\/li>\n\n\n\n<li>Angeloff Tania, Tang Xiaojing, 2013, \u00ab&nbsp;Genre et travail en Chine&nbsp;\u00bb, <em>in Genre et travail dans le monde, <\/em>Etat des savoirs, La D\u00e9couverte, Paris, chapitre 14, p. 140-150.<\/li>\n\n\n\n<li>Angeloff Tania, 2013, \u00ab\u00a0Hommes et femmes sur le march\u00e9 du travail ; une \u00e9galit\u00e9 \u00e0 pas compt\u00e9s\u00a0\u00bb, in collectif,<em> L&rsquo;Universit\u00e9 Ouverte. Les enjeux de nos soci\u00e9t\u00e9s expliqu\u00e9s \u00e0 tous<\/em>, Editions Management et Soci\u00e9t\u00e9, vol 2, p.151-184.<\/li>\n\n\n\n<li>Angeloff Tania, 2012 (2006), \u00ab Monde du travail et sociologie du genre \u00bb, <em>in <\/em>sous la dir. de Alter N., <em>Sociologie du monde du travail, <\/em>PUF,Paris, chapitre 16, p. 283-299.<\/li>\n\n\n\n<li>Angeloff Tania, 2006, \u00ab&nbsp;Le temps partiel et le ch\u00f4mage des femmes&nbsp;: des in\u00e9galit\u00e9s dans l\u2019indiff\u00e9rence&nbsp;\u00bb, in Ligue des droits de l\u2019Homme, <em>L\u2019\u00e9tat des droits de l\u2019Homme en France. Le droit des femmes, <\/em>La D\u00e9couverte, Paris, p. 95-99.<\/li>\n\n\n\n<li>Angeloff Tania, 2005, \u00ab&nbsp;Emplois de service&nbsp;\u00bb <em>in<\/em> sous la direction de Maruani M., <em>Femmes, sexe, genre, l\u2019\u00e9tat des savoirs, <\/em>La D\u00e9couverte, Paris, p. 281-288.<\/li>\n\n\n\n<li>Alonzo Philippe, Angeloff Tania et Maruani Margaret, 2005, \u00ab&nbsp;Quand la famille explique le march\u00e9 du travail : les limites d\u2019une analyse univoque&nbsp;\u00bb &nbsp;<em>in<\/em> sous la direction de Maruani M., <em>Femmes, sexe, genre, l\u2019\u00e9tat des savoirs, <\/em>La D\u00e9couverte, p. 372-380.<\/li>\n\n\n\n<li>Angeloff Tania, 2003, \u00ab&nbsp;Employ\u00e9es de maison, aides \u00e0 domicile&nbsp;: un secteur paradoxal&nbsp;\u00bb, in Florence Weber et al., <em>Charges de famille. D\u00e9pendance et parent\u00e9 dans la France contemporaine, <\/em>La D\u00e9couverte, coll. Enqu\u00eates de terrain, p. 165-186.<\/li>\n\n\n\n<li>Angeloff Tania, 2001, \u00ab&nbsp;L\u2019emploi f\u00e9minin et le temps de travail&nbsp;: l\u2019exemple du temps partiel&nbsp;\u00bb, in Guy Groux, <em>L\u2019Action publique n\u00e9goci\u00e9e. Approches \u00e0 partir des 35 heures, France-Europe, <\/em>Logiques Politiques, L\u2019Harmattan, Paris, p. 235-248.<\/li>\n<\/ul>\n\n\n\n<h3 class=\"wp-block-heading\"><strong><em><strong><em>Coordination de dossiers et de num\u00e9ros sp\u00e9ciaux de revues&nbsp;:<\/em><\/strong><\/em><\/strong><\/h3>\n\n\n\n<ul class=\"wp-block-list\">\n<li><strong>Angeloff Tania <\/strong>et Pochic Sophie, Magali della Suda [\u00e0 para\u00eetre], \u00ab\u00a0Internationale et n\u00e9o-conservatismes anti-genre\u00a0\u00bb, n\u00b0 57\/2027, <em>Travail, genre et soci\u00e9t\u00e9s<\/em>.<\/li>\n\n\n\n<li><strong>Angeloff Tania<\/strong> et Gardey Delphine, 2015, <em>Corps sous emprises. Biopolitique et sexualit\u00e9 au nord et au sud, Travail, genre et soci\u00e9t\u00e9s, <\/em>La D\u00e9couverte,n\u00b034.<\/li>\n\n\n\n<li><strong>Angeloff Tania <\/strong>et Mosconi Nicole, 2014, <em>Enseigner le genre\u00a0: un m\u00e9tier de P\u00e9n\u00e9lope\u00a0? Travail, genre et soci\u00e9t\u00e9s, <\/em>La D\u00e9couverte,n\u00b031.<\/li>\n\n\n\n<li><strong>Angeloff Tania<\/strong>, Ravet Hyacinthe et TANG Xiaojing, 2010, <em>Traditions et ruptures chinoises, Travail, genre et soci\u00e9t\u00e9s, <\/em>La D\u00e9couverte,n\u00b0 23.<\/li>\n\n\n\n<li><strong>Angeloff Tania<\/strong> et Laufer Jacqueline, 2007, <em>Genre et organisations, Travail, genre et soci\u00e9t\u00e9s, <\/em>Armand Colin, n\u00b017.<\/li>\n\n\n\n<li><strong>Angeloff Tania<\/strong> et Labourie- Racap\u00e9 Annie, 2004,\u00a0\u00a0\u00a0\u00a0 <em>Le travail du corps, Travail, genre et soci\u00e9t\u00e9s, <\/em>L\u2019Harmattan, n\u00b0 12<\/li>\n\n\n\n<li>Alonzo Philippe, <strong>Angeloff Tania <\/strong>et Gardey Delphine, 2003, <em>Prostitution\u00a0: march\u00e9s, organisation, mobilisations, Travail, genre et soci\u00e9t\u00e9s, <\/em>L\u2019Harmattan, n\u00b0 10.<\/li>\n\n\n\n<li>Alonzo Philippe, <strong>Angeloff Tania<\/strong>, 2002, Ouvri\u00e8res\u00a0: les dessous de l\u2019embellie, Travail, genre et soci\u00e9t\u00e9s, L\u2019Harmattan, n\u00b0 8.<\/li>\n<\/ul>\n\n\n\n<p><\/p>\n","protected":false},"excerpt":{"rendered":"<p>Articles dans des revues scientifiques \u00e0 comit\u00e9 de lecture&nbsp;: Chapitres dans des ouvrages collectifs&nbsp;: Coordination de dossiers et de num\u00e9ros sp\u00e9ciaux de revues&nbsp;:<\/p>\n","protected":false},"author":1,"featured_media":0,"parent":0,"menu_order":0,"comment_status":"closed","ping_status":"closed","template":"","meta":{"om_disable_all_campaigns":false,"_uag_custom_page_level_css":"","_monsterinsights_skip_tracking":false,"_monsterinsights_sitenote_active":false,"_monsterinsights_sitenote_note":"","_monsterinsights_sitenote_category":0,"footnotes":""},"class_list":["post-3622","page","type-page","status-publish","hentry"],"aioseo_notices":[],"uagb_featured_image_src":{"full":false,"thumbnail":false,"medium":false,"medium_large":false,"large":false,"1536x1536":false,"2048x2048":false,"portfolio":false,"form-edit-image-preview":false},"uagb_author_info":{"display_name":"Tania.Angeloff@univ-paris1.fr","author_link":"https:\/\/esprit-sociologie.org\/?author=1"},"uagb_comment_info":0,"uagb_excerpt":"Articles dans des revues scientifiques \u00e0 comit\u00e9 de lecture&nbsp;: Chapitres dans des ouvrages collectifs&nbsp;: Coordination de dossiers et de num\u00e9ros sp\u00e9ciaux de revues&nbsp;:","_links":{"self":[{"href":"https:\/\/esprit-sociologie.org\/index.php?rest_route=\/wp\/v2\/pages\/3622","targetHints":{"allow":["GET"]}}],"collection":[{"href":"https:\/\/esprit-sociologie.org\/index.php?rest_route=\/wp\/v2\/pages"}],"about":[{"href":"https:\/\/esprit-sociologie.org\/index.php?rest_route=\/wp\/v2\/types\/page"}],"author":[{"embeddable":true,"href":"https:\/\/esprit-sociologie.org\/index.php?rest_route=\/wp\/v2\/users\/1"}],"replies":[{"embeddable":true,"href":"https:\/\/esprit-sociologie.org\/index.php?rest_route=%2Fwp%2Fv2%2Fcomments&post=3622"}],"version-history":[{"count":14,"href":"https:\/\/esprit-sociologie.org\/index.php?rest_route=\/wp\/v2\/pages\/3622\/revisions"}],"predecessor-version":[{"id":3723,"href":"https:\/\/esprit-sociologie.org\/index.php?rest_route=\/wp\/v2\/pages\/3622\/revisions\/3723"}],"wp:attachment":[{"href":"https:\/\/esprit-sociologie.org\/index.php?rest_route=%2Fwp%2Fv2%2Fmedia&parent=3622"}],"curies":[{"name":"wp","href":"https:\/\/api.w.org\/{rel}","templated":true}]}}