{"id":3758,"date":"2026-03-21T14:13:51","date_gmt":"2026-03-21T14:13:51","guid":{"rendered":"https:\/\/esprit-sociologie.org\/?page_id=3758"},"modified":"2026-03-21T14:44:45","modified_gmt":"2026-03-21T14:44:45","slug":"actualites","status":"publish","type":"page","link":"https:\/\/esprit-sociologie.org\/?page_id=3758","title":{"rendered":"Actualit\u00e9s"},"content":{"rendered":"\n<div class=\"wp-block-query is-layout-flow wp-block-query-is-layout-flow\"><\/div>\n\n\n<ul class=\"wp-block-latest-posts__list wp-block-latest-posts\"><li><a class=\"wp-block-latest-posts__post-title\" href=\"https:\/\/esprit-sociologie.org\/?p=3753\">Avril 2026 : Professeure invit\u00e9e \u00e0 la Maison fran\u00e7aise d&rsquo;Oxford<\/a><div class=\"wp-block-latest-posts__post-excerpt\">Du 1er au 30 avril, je serai en r\u00e9sidence \u00e0 la MFO, dans le cadre de ma recherche sur le travail dans les jardins botaniques face aux transformations climatiques acc\u00e9l\u00e9r\u00e9es.<\/div><\/li>\n<li><a class=\"wp-block-latest-posts__post-title\" href=\"https:\/\/esprit-sociologie.org\/?p=3709\">2026 &#8211; Ecofeminism in Thailand and the Global South<\/a><div class=\"wp-block-latest-posts__post-excerpt\">J\u2019ai anim\u00e9 une conf\u00e9rence sur le th\u00e8me&nbsp;: Ecofeminism in Thailand and the Global South. Elle a r\u00e9uni le 19 f\u00e9vrier, \u00e0 l\u2019Universit\u00e9 de Chiang Mai de 13h \u00e0 15h, une trentaine de chercheur\u00b7es et \u00e9tudiant.es. Partant de cas sp\u00e9cifiques au nord de la Tha\u00eflande dans des communaut\u00e9s Karen et Hmong (en for\u00eat) et Lisu, de cas historiques en Inde (Chipko) et au Kenya (Green Belt Movement) et de questions plus g\u00e9n\u00e9rales relatives \u00e0 l\u2019\u00e9cof\u00e9minisme et au care environnemental.&hellip;<\/div><\/li>\n<li><a class=\"wp-block-latest-posts__post-title\" href=\"https:\/\/esprit-sociologie.org\/?p=3697\">2026 &#8211; De retour du Laos et de Tha\u00eflande<\/a><div class=\"wp-block-latest-posts__post-excerpt\">Le projet CHAZEP-SEA (Co-d\u00e9veloppement d&rsquo;approches sensibles au patrimoine pour la pr\u00e9vention de l&rsquo;\u00e9mergence de zoonoses en Asie du Sud-Est) est un projet collectif financ\u00e9 par l&rsquo;ANRS vise \u00e0 explorer l&rsquo;int\u00e9gration du patrimoine ordinaire environnemental dans les strat\u00e9gies One Health pour la pr\u00e9vention des infections respiratoires zoonotiques, telles que les virus de la grippe et les coronavirus, dans des zones rurales du sud-est asiatique. En r\u00e9ponse \u00e0 la pand\u00e9mie de COVID-19, ce projet se concentre sur les zones \u00e0&hellip;<\/div><\/li>\n<li><a class=\"wp-block-latest-posts__post-title\" href=\"https:\/\/esprit-sociologie.org\/?p=3657\">2025 &#8211; De retour du Costa Rica<\/a><div class=\"wp-block-latest-posts__post-excerpt\">J\u2019ai pass\u00e9 plus de deux mois (de f\u00e9vrier \u00e0 avril 2025) au Costa Rica o\u00f9 j\u2019ai r\u00e9alis\u00e9 une \u00ab&nbsp;ethnographie intensive&nbsp;\u00bb dans le plus grand jardin botanique d\u2019Am\u00e9rique centrale et latine, le Jardin botanique de Lankester. Ce jardin botanique de 11 hectares est propri\u00e9t\u00e9 de l\u2019Universit\u00e9 du Costa Rica et comporte, en son sein, un centre de recherche de pointe. *** I spent two months in Costa Rica (from Feb to April 2025), where I carried out \u2018intensive ethnographic&hellip;<\/div><\/li>\n<li><a class=\"wp-block-latest-posts__post-title\" href=\"https:\/\/esprit-sociologie.org\/?p=3673\">2024 &#8211; De retour du Laos<\/a><div class=\"wp-block-latest-posts__post-excerpt\">Voici l&rsquo;article \u00e0 la suite de l&rsquo;atelier participatif r\u00e9alis\u00e9 \u00e0 Phu Kao Kuai avec les habitants du village:Haenssgen Marco J. , Angeloff Tania, Herse R. Mark, Auclair Elizabeth,&nbsp;et al., 2025, \u201cWorkshop report: Everyday environmental heritage is key to unlocking the social dimensions of One Health\u201d,&nbsp;in&nbsp;iScience 28, 112358, 11 pages.<\/div><\/li>\n<\/ul>\n\n\n<p><\/p>\n","protected":false},"excerpt":{"rendered":"","protected":false},"author":1,"featured_media":0,"parent":0,"menu_order":0,"comment_status":"closed","ping_status":"closed","template":"","meta":{"om_disable_all_campaigns":false,"_uag_custom_page_level_css":"","_monsterinsights_skip_tracking":false,"_monsterinsights_sitenote_active":false,"_monsterinsights_sitenote_note":"","_monsterinsights_sitenote_category":0,"footnotes":""},"class_list":["post-3758","page","type-page","status-publish","hentry"],"aioseo_notices":[],"uagb_featured_image_src":{"full":false,"thumbnail":false,"medium":false,"medium_large":false,"large":false,"1536x1536":false,"2048x2048":false,"portfolio":false,"form-edit-image-preview":false},"uagb_author_info":{"display_name":"Tania.Angeloff@univ-paris1.fr","author_link":"https:\/\/esprit-sociologie.org\/?author=1"},"uagb_comment_info":0,"uagb_excerpt":null,"_links":{"self":[{"href":"https:\/\/esprit-sociologie.org\/index.php?rest_route=\/wp\/v2\/pages\/3758","targetHints":{"allow":["GET"]}}],"collection":[{"href":"https:\/\/esprit-sociologie.org\/index.php?rest_route=\/wp\/v2\/pages"}],"about":[{"href":"https:\/\/esprit-sociologie.org\/index.php?rest_route=\/wp\/v2\/types\/page"}],"author":[{"embeddable":true,"href":"https:\/\/esprit-sociologie.org\/index.php?rest_route=\/wp\/v2\/users\/1"}],"replies":[{"embeddable":true,"href":"https:\/\/esprit-sociologie.org\/index.php?rest_route=%2Fwp%2Fv2%2Fcomments&post=3758"}],"version-history":[{"count":15,"href":"https:\/\/esprit-sociologie.org\/index.php?rest_route=\/wp\/v2\/pages\/3758\/revisions"}],"predecessor-version":[{"id":3778,"href":"https:\/\/esprit-sociologie.org\/index.php?rest_route=\/wp\/v2\/pages\/3758\/revisions\/3778"}],"wp:attachment":[{"href":"https:\/\/esprit-sociologie.org\/index.php?rest_route=%2Fwp%2Fv2%2Fmedia&parent=3758"}],"curies":[{"name":"wp","href":"https:\/\/api.w.org\/{rel}","templated":true}]}}