{"id":3779,"date":"2026-03-21T14:57:59","date_gmt":"2026-03-21T14:57:59","guid":{"rendered":"https:\/\/esprit-sociologie.org\/?page_id=3779"},"modified":"2026-03-21T15:04:54","modified_gmt":"2026-03-21T15:04:54","slug":"enseignements","status":"publish","type":"page","link":"https:\/\/esprit-sociologie.org\/?page_id=3779","title":{"rendered":"Enseignements"},"content":{"rendered":"\n<p class=\"has-large-font-size\"><strong>Enseignements d\u00e9livr\u00e9s ces derni\u00e8res ann\u00e9es<\/strong><\/p>\n\n\n\n<ul class=\"wp-block-list\">\n<li>Sociologie du d\u00e9veloppement (M1)<\/li>\n\n\n\n<li>Sociologie des politiques publiques (M2R)<\/li>\n\n\n\n<li>Sociologie du travail (M2R)<\/li>\n\n\n\n<li>Genre et d\u00e9veloppement (M2R)<\/li>\n\n\n\n<li>Genre et organisations (M1)<\/li>\n\n\n\n<li>M\u00e9thodologie d\u2019enqu\u00eate (M2)<\/li>\n\n\n\n<li>Relations de travail dans les PED (M1)<\/li>\n\n\n\n<li>Pauvret\u00e9 et pr\u00e9carit\u00e9 dans les Suds (M1)<\/li>\n<\/ul>\n\n\n\n<p class=\"has-large-font-size\"><strong>Direction de m\u00e9moires et de th\u00e8ses<\/strong><\/p>\n\n\n\n<p>L\u2019encadrement des travaux d\u2019\u00e9tudiants en Master 2 et des th\u00e8ses de doctorat occupe une grande partie de mon activit\u00e9 scientifique\u00a0: je consacre beaucoup de temps \u00e0 cette activit\u00e9 qui me tient \u00e0 c\u0153ur. De 2009 \u00e0 2025, j\u2019ai dirig\u00e9 8 th\u00e8ses (dont 2 en codirection). 5 ont \u00e9t\u00e9 soutenues \u00e0 ce jour. Tous les deux mois, de 2014 \u00e0 2021, en dehors de mon service d\u2019enseignement, j\u2019ai tenu un atelier doctoral et postdoctoral qui devrait reprendre cette ann\u00e9e. Depuis 2016, j\u2019ai particip\u00e9 \u00e0 6 jurys de th\u00e8se ext\u00e9rieurs, outre les 6 th\u00e8ses soutenues sous ma direction. J\u2019ai \u00e9t\u00e9 garante d\u2019une HDR. Depuis 2022, j\u2019encadre les doctorats de 3 \u00e9tudiant.es.<\/p>\n\n\n\n<p><\/p>\n","protected":false},"excerpt":{"rendered":"<p>Enseignements d\u00e9livr\u00e9s ces derni\u00e8res ann\u00e9es Direction de m\u00e9moires et de th\u00e8ses L\u2019encadrement des travaux d\u2019\u00e9tudiants en Master 2 et des th\u00e8ses de doctorat occupe une grande partie de mon activit\u00e9 scientifique\u00a0: je consacre beaucoup de temps \u00e0 cette activit\u00e9 qui me tient \u00e0 c\u0153ur. De 2009 \u00e0 2025, j\u2019ai dirig\u00e9 8 th\u00e8ses (dont 2 en codirection). 5 ont \u00e9t\u00e9 soutenues \u00e0 ce jour. Tous les deux mois, de 2014 \u00e0 2021, en dehors de mon service d\u2019enseignement, j\u2019ai tenu un&hellip;<\/p>\n","protected":false},"author":1,"featured_media":0,"parent":0,"menu_order":0,"comment_status":"closed","ping_status":"closed","template":"","meta":{"om_disable_all_campaigns":false,"_uag_custom_page_level_css":"","_monsterinsights_skip_tracking":false,"_monsterinsights_sitenote_active":false,"_monsterinsights_sitenote_note":"","_monsterinsights_sitenote_category":0,"footnotes":""},"class_list":["post-3779","page","type-page","status-publish","hentry"],"aioseo_notices":[],"uagb_featured_image_src":{"full":false,"thumbnail":false,"medium":false,"medium_large":false,"large":false,"1536x1536":false,"2048x2048":false,"portfolio":false,"form-edit-image-preview":false},"uagb_author_info":{"display_name":"Tania.Angeloff@univ-paris1.fr","author_link":"https:\/\/esprit-sociologie.org\/?author=1"},"uagb_comment_info":0,"uagb_excerpt":"Enseignements d\u00e9livr\u00e9s ces derni\u00e8res ann\u00e9es Direction de m\u00e9moires et de th\u00e8ses L\u2019encadrement des travaux d\u2019\u00e9tudiants en Master 2 et des th\u00e8ses de doctorat occupe une grande partie de mon activit\u00e9 scientifique\u00a0: je consacre beaucoup de temps \u00e0 cette activit\u00e9 qui me tient \u00e0 c\u0153ur. De 2009 \u00e0 2025, j\u2019ai dirig\u00e9 8 th\u00e8ses (dont 2 en\u2026","_links":{"self":[{"href":"https:\/\/esprit-sociologie.org\/index.php?rest_route=\/wp\/v2\/pages\/3779","targetHints":{"allow":["GET"]}}],"collection":[{"href":"https:\/\/esprit-sociologie.org\/index.php?rest_route=\/wp\/v2\/pages"}],"about":[{"href":"https:\/\/esprit-sociologie.org\/index.php?rest_route=\/wp\/v2\/types\/page"}],"author":[{"embeddable":true,"href":"https:\/\/esprit-sociologie.org\/index.php?rest_route=\/wp\/v2\/users\/1"}],"replies":[{"embeddable":true,"href":"https:\/\/esprit-sociologie.org\/index.php?rest_route=%2Fwp%2Fv2%2Fcomments&post=3779"}],"version-history":[{"count":5,"href":"https:\/\/esprit-sociologie.org\/index.php?rest_route=\/wp\/v2\/pages\/3779\/revisions"}],"predecessor-version":[{"id":3787,"href":"https:\/\/esprit-sociologie.org\/index.php?rest_route=\/wp\/v2\/pages\/3779\/revisions\/3787"}],"wp:attachment":[{"href":"https:\/\/esprit-sociologie.org\/index.php?rest_route=%2Fwp%2Fv2%2Fmedia&parent=3779"}],"curies":[{"name":"wp","href":"https:\/\/api.w.org\/{rel}","templated":true}]}}